{"id":2382,"date":"2025-06-24T20:18:11","date_gmt":"2025-06-24T20:18:11","guid":{"rendered":"https:\/\/spe-comunidad.proyectoswp2025.com\/?page_id=2382"},"modified":"2025-06-24T20:18:11","modified_gmt":"2025-06-24T20:18:11","slug":"foros","status":"publish","type":"page","link":"https:\/\/www.serviciodeempleo.gov.co\/comunidad-spe\/foros\/","title":{"rendered":"Foros"},"content":{"rendered":"\t\t<div data-elementor-type=\"wp-page\" data-elementor-id=\"2382\" class=\"elementor elementor-2382\" data-elementor-post-type=\"page\">\n\t\t\t\t<div class=\"elementor-element elementor-element-72e17ee e-con-full e-flex e-con e-parent\" data-id=\"72e17ee\" data-element_type=\"container\" data-settings=\"{&quot;background_background&quot;:&quot;classic&quot;}\">\n\t\t<div class=\"elementor-element elementor-element-449a2a6 e-con-full e-flex e-con e-child\" data-id=\"449a2a6\" data-element_type=\"container\">\n\t\t\t\t<div class=\"elementor-element elementor-element-926fa54 animated-slow elementor-invisible elementor-widget elementor-widget-heading\" data-id=\"926fa54\" data-element_type=\"widget\" data-settings=\"{&quot;_animation&quot;:&quot;fadeIn&quot;}\" data-widget_type=\"heading.default\">\n\t\t\t\t\t<h1 class=\"elementor-heading-title elementor-size-default\">Foros<\/h1>\t\t\t\t<\/div>\n\t\t\t\t<div class=\"elementor-element elementor-element-346f2fc elementor-hidden-mobile elementor-widget elementor-widget-spacer\" data-id=\"346f2fc\" data-element_type=\"widget\" data-widget_type=\"spacer.default\">\n\t\t\t\t\t\t\t<div class=\"elementor-spacer\">\n\t\t\t<div class=\"elementor-spacer-inner\"><\/div>\n\t\t<\/div>\n\t\t\t\t\t\t<\/div>\n\t\t\t\t<\/div>\n\t\t\t\t<\/div>\n\t\t<div class=\"elementor-element elementor-element-047b97f e-flex e-con-boxed e-con e-parent\" data-id=\"047b97f\" data-element_type=\"container\">\n\t\t\t\t\t<div class=\"e-con-inner\">\n\t\t<div class=\"elementor-element elementor-element-09e2342 e-con-full e-flex e-con e-child\" data-id=\"09e2342\" data-element_type=\"container\">\n\t\t\t\t<div class=\"elementor-element elementor-element-11b7a78 elementor-cta--skin-classic elementor-animated-content elementor-bg-transform elementor-bg-transform-zoom-in elementor-widget elementor-widget-call-to-action\" data-id=\"11b7a78\" data-element_type=\"widget\" data-widget_type=\"call-to-action.default\">\n\t\t\t\t\t\t\t<div class=\"elementor-cta\">\n\t\t\t\t\t<div class=\"elementor-cta__bg-wrapper\">\n\t\t\t\t<div class=\"elementor-cta__bg elementor-bg\" style=\"background-image: url(https:\/\/www.serviciodeempleo.gov.co\/comunidad-spe\/wp-content\/uploads\/sites\/6\/2025\/06\/AdobeStock_223743621-scaled-1-1024x678.jpeg);\" role=\"img\" aria-label=\"business man in suit handshake after finishing up a business meeting with virtual innovation, network connection interface diagram, congratulation, success, partner, teamwork and community concept\"><\/div>\n\t\t\t\t<div class=\"elementor-cta__bg-overlay\"><\/div>\n\t\t\t<\/div>\n\t\t\t\t\t\t\t<div class=\"elementor-cta__content\">\n\t\t\t\t\n\t\t\t\t\t\t\t\t\t<h2 class=\"elementor-cta__title elementor-cta__content-item elementor-content-item\">\n\t\t\t\t\t\tForo general del Servicio P\u00fablico de Empleo\t\t\t\t\t<\/h2>\n\t\t\t\t\n\t\t\t\t\t\t\t\t\t<div class=\"elementor-cta__description elementor-cta__content-item elementor-content-item\">\n\t\t\t\t\t\tForo sobre el funcionamiento, servicios y novedades del SPE. Comparte tus experiencias y sugerencias para mejorar.\n\n\t\t\t\t\t<\/div>\n\t\t\t\t\n\t\t\t\t\t\t\t\t\t<div class=\"elementor-cta__button-wrapper elementor-cta__content-item elementor-content-item \">\n\t\t\t\t\t<a class=\"elementor-cta__button elementor-button elementor-size-\" href=\"https:\/\/spe-comunidad.proyectoswp2025.com\/es_co\/forums\/forum\/comunidad-spe\/\">\n\t\t\t\t\t\tIr al foro general\t\t\t\t\t<\/a>\n\t\t\t\t\t<\/div>\n\t\t\t\t\t\t\t<\/div>\n\t\t\t\t\t\t<\/div>\n\t\t\t\t\t\t<\/div>\n\t\t\t\t<\/div>\n\t\t<div class=\"elementor-element elementor-element-a033055 e-con-full e-flex e-con e-child\" data-id=\"a033055\" data-element_type=\"container\">\n\t\t\t\t<div class=\"elementor-element elementor-element-688f898 elementor-cta--skin-classic elementor-animated-content elementor-bg-transform elementor-bg-transform-zoom-in elementor-widget elementor-widget-call-to-action\" data-id=\"688f898\" data-element_type=\"widget\" data-widget_type=\"call-to-action.default\">\n\t\t\t\t\t\t\t<div class=\"elementor-cta\">\n\t\t\t\t\t<div class=\"elementor-cta__bg-wrapper\">\n\t\t\t\t<div class=\"elementor-cta__bg elementor-bg\" style=\"background-image: url(https:\/\/www.serviciodeempleo.gov.co\/comunidad-spe\/wp-content\/uploads\/sites\/6\/2025\/06\/thisisengineering-uyfohHiTxho-unsplash-1-1024x683.jpg);\" role=\"img\" aria-label=\"thisisengineering-uyfohHiTxho-unsplash (1)\"><\/div>\n\t\t\t\t<div class=\"elementor-cta__bg-overlay\"><\/div>\n\t\t\t<\/div>\n\t\t\t\t\t\t\t<div class=\"elementor-cta__content\">\n\t\t\t\t\n\t\t\t\t\t\t\t\t\t<h2 class=\"elementor-cta__title elementor-cta__content-item elementor-content-item\">\n\t\t\t\t\t\tSoporte t\u00e9cnico y herramientas Comunidad SPE\t\t\t\t\t<\/h2>\n\t\t\t\t\n\t\t\t\t\t\t\t\t\t<div class=\"elementor-cta__description elementor-cta__content-item elementor-content-item\">\n\t\t\t\t\t\tSolicita ayuda t\u00e9cnica, reporta errores o conoce nuevas funcionalidades disponibles en las plataformas del SPE.\n\n\t\t\t\t\t<\/div>\n\t\t\t\t\n\t\t\t\t\t\t\t\t\t<div class=\"elementor-cta__button-wrapper elementor-cta__content-item elementor-content-item \">\n\t\t\t\t\t<a class=\"elementor-cta__button elementor-button elementor-size-\" href=\"https:\/\/spe-comunidad.proyectoswp2025.com\/es_co\/forums\/forum\/soporte-tecnico-y-herramientas-comunidad-spe\/\">\n\t\t\t\t\t\tIr al foro de soporte\t\t\t\t\t<\/a>\n\t\t\t\t\t<\/div>\n\t\t\t\t\t\t\t<\/div>\n\t\t\t\t\t\t<\/div>\n\t\t\t\t\t\t<\/div>\n\t\t\t\t<\/div>\n\t\t<div class=\"elementor-element elementor-element-09150b4 e-con-full e-flex e-con e-child\" data-id=\"09150b4\" data-element_type=\"container\">\n\t\t\t\t<div class=\"elementor-element elementor-element-69d7aef elementor-cta--skin-classic elementor-animated-content elementor-bg-transform elementor-bg-transform-zoom-in elementor-widget elementor-widget-call-to-action\" data-id=\"69d7aef\" data-element_type=\"widget\" data-widget_type=\"call-to-action.default\">\n\t\t\t\t\t\t\t<div class=\"elementor-cta\">\n\t\t\t\t\t<div class=\"elementor-cta__bg-wrapper\">\n\t\t\t\t<div class=\"elementor-cta__bg elementor-bg\" style=\"background-image: url(https:\/\/www.serviciodeempleo.gov.co\/comunidad-spe\/wp-content\/uploads\/sites\/6\/2025\/06\/carlos-muza-hpjSkU2UYSU-unsplash-1024x730.jpg);\" role=\"img\" aria-label=\"carlos-muza-hpjSkU2UYSU-unsplash\"><\/div>\n\t\t\t\t<div class=\"elementor-cta__bg-overlay\"><\/div>\n\t\t\t<\/div>\n\t\t\t\t\t\t\t<div class=\"elementor-cta__content\">\n\t\t\t\t\n\t\t\t\t\t\t\t\t\t<h2 class=\"elementor-cta__title elementor-cta__content-item elementor-content-item\">\n\t\t\t\t\t\tReportes, seguimiento y sistema de informaci\u00f3n\t\t\t\t\t<\/h2>\n\t\t\t\t\n\t\t\t\t\t\t\t\t\t<div class=\"elementor-cta__description elementor-cta__content-item elementor-content-item\">\n\t\t\t\t\t\tComenta o resuelve inquietudes sobre  manejo de datos, indicadores de gesti\u00f3n y  sistemas de informaci\u00f3n institucional.\t\t\t\t\t<\/div>\n\t\t\t\t\n\t\t\t\t\t\t\t\t\t<div class=\"elementor-cta__button-wrapper elementor-cta__content-item elementor-content-item \">\n\t\t\t\t\t<a class=\"elementor-cta__button elementor-button elementor-size-\" href=\"https:\/\/spe-comunidad.proyectoswp2025.com\/es_co\/forums\/forum\/reportes-seguimiento-y-sistema-de-informacion\/\">\n\t\t\t\t\t\tIr al foro de reportes\t\t\t\t\t<\/a>\n\t\t\t\t\t<\/div>\n\t\t\t\t\t\t\t<\/div>\n\t\t\t\t\t\t<\/div>\n\t\t\t\t\t\t<\/div>\n\t\t\t\t<\/div>\n\t\t\t\t\t<\/div>\n\t\t\t\t<\/div>\n\t\t<div class=\"elementor-element elementor-element-26d0158 e-flex e-con-boxed e-con e-parent\" data-id=\"26d0158\" data-element_type=\"container\">\n\t\t\t\t\t<div class=\"e-con-inner\">\n\t\t<div class=\"elementor-element elementor-element-bdf72f2 e-con-full e-flex e-con e-child\" data-id=\"bdf72f2\" data-element_type=\"container\">\n\t\t\t\t<div class=\"elementor-element elementor-element-21accc7 elementor-cta--skin-classic elementor-animated-content elementor-bg-transform elementor-bg-transform-zoom-in elementor-widget elementor-widget-call-to-action\" data-id=\"21accc7\" data-element_type=\"widget\" data-widget_type=\"call-to-action.default\">\n\t\t\t\t\t\t\t<div class=\"elementor-cta\">\n\t\t\t\t\t<div class=\"elementor-cta__bg-wrapper\">\n\t\t\t\t<div class=\"elementor-cta__bg elementor-bg\" style=\"background-image: url(https:\/\/www.serviciodeempleo.gov.co\/comunidad-spe\/wp-content\/uploads\/sites\/6\/2025\/06\/AdobeStock_360783997-1024x684.jpg);\" role=\"img\" aria-label=\"AdobeStock_360783997\"><\/div>\n\t\t\t\t<div class=\"elementor-cta__bg-overlay\"><\/div>\n\t\t\t<\/div>\n\t\t\t\t\t\t\t<div class=\"elementor-cta__content\">\n\t\t\t\t\n\t\t\t\t\t\t\t\t\t<h2 class=\"elementor-cta__title elementor-cta__content-item elementor-content-item\">\n\t\t\t\t\t\tGesti\u00f3n de usuarios, fortalecimiento y orientaci\u00f3n laboral\t\t\t\t\t<\/h2>\n\t\t\t\t\n\t\t\t\t\t\t\t\t\t<div class=\"elementor-cta__description elementor-cta__content-item elementor-content-item\">\n\t\t\t\t\t\tComparte dudas, recursos y buenas pr\u00e1cticas sobre c\u00f3mo acceder, gestionar y aprovechar los servicios de orientaci\u00f3n y empleabilidad.\t\t\t\t\t<\/div>\n\t\t\t\t\n\t\t\t\t\t\t\t\t\t<div class=\"elementor-cta__button-wrapper elementor-cta__content-item elementor-content-item \">\n\t\t\t\t\t<a class=\"elementor-cta__button elementor-button elementor-size-\" href=\"https:\/\/spe-comunidad.proyectoswp2025.com\/es_co\/forums\/forum\/gestion-de-usuarios-y-orientacion-laboral\/\">\n\t\t\t\t\t\tIr al foro de orientaci\u00f3n\t\t\t\t\t<\/a>\n\t\t\t\t\t<\/div>\n\t\t\t\t\t\t\t<\/div>\n\t\t\t\t\t\t<\/div>\n\t\t\t\t\t\t<\/div>\n\t\t\t\t<\/div>\n\t\t<div class=\"elementor-element elementor-element-9d875b1 e-con-full e-flex e-con e-child\" data-id=\"9d875b1\" data-element_type=\"container\">\n\t\t\t\t<div class=\"elementor-element elementor-element-d607584 elementor-cta--skin-classic elementor-animated-content elementor-bg-transform elementor-bg-transform-zoom-in elementor-widget elementor-widget-call-to-action\" data-id=\"d607584\" data-element_type=\"widget\" data-widget_type=\"call-to-action.default\">\n\t\t\t\t\t\t\t<div class=\"elementor-cta\">\n\t\t\t\t\t<div class=\"elementor-cta__bg-wrapper\">\n\t\t\t\t<div class=\"elementor-cta__bg elementor-bg\" style=\"background-image: url(https:\/\/www.serviciodeempleo.gov.co\/comunidad-spe\/wp-content\/uploads\/sites\/6\/2025\/06\/jason-goodman-wVh5grSMYaY-unsplash-scaled-1-1024x683.jpg);\" role=\"img\" aria-label=\"jason-goodman-wVh5grSMYaY-unsplash\"><\/div>\n\t\t\t\t<div class=\"elementor-cta__bg-overlay\"><\/div>\n\t\t\t<\/div>\n\t\t\t\t\t\t\t<div class=\"elementor-cta__content\">\n\t\t\t\t\n\t\t\t\t\t\t\t\t\t<h2 class=\"elementor-cta__title elementor-cta__content-item elementor-content-item\">\n\t\t\t\t\t\tForo de articulaci\u00f3n con empleadores\t\t\t\t\t<\/h2>\n\t\t\t\t\n\t\t\t\t\t\t\t\t\t<div class=\"elementor-cta__description elementor-cta__content-item elementor-content-item\">\n\t\t\t\t\t\tEspacio para compartir estrategias, experiencias y retos en la conexi\u00f3n con empleadores. Buenas pr\u00e1cticas para la gesti\u00f3n de vacantes, acercamientos territoriales y alianzas p\u00fablico-privadas.\t\t\t\t\t<\/div>\n\t\t\t\t\n\t\t\t\t\t\t\t\t\t<div class=\"elementor-cta__button-wrapper elementor-cta__content-item elementor-content-item \">\n\t\t\t\t\t<a class=\"elementor-cta__button elementor-button elementor-size-\" href=\"https:\/\/spe-comunidad.proyectoswp2025.com\/es_co\/forums\/forum\/foro-de-articulacion-con-empleadores\/\">\n\t\t\t\t\t\tIr al foro de articulaci\u00f3n\t\t\t\t\t<\/a>\n\t\t\t\t\t<\/div>\n\t\t\t\t\t\t\t<\/div>\n\t\t\t\t\t\t<\/div>\n\t\t\t\t\t\t<\/div>\n\t\t\t\t<\/div>\n\t\t<div class=\"elementor-element elementor-element-6b12c7f e-con-full e-flex e-con e-child\" data-id=\"6b12c7f\" data-element_type=\"container\">\n\t\t\t\t<div class=\"elementor-element elementor-element-cd482cd elementor-cta--skin-classic elementor-animated-content elementor-bg-transform elementor-bg-transform-zoom-in elementor-widget elementor-widget-call-to-action\" data-id=\"cd482cd\" data-element_type=\"widget\" data-widget_type=\"call-to-action.default\">\n\t\t\t\t\t\t\t<div class=\"elementor-cta\">\n\t\t\t\t\t<div class=\"elementor-cta__bg-wrapper\">\n\t\t\t\t<div class=\"elementor-cta__bg elementor-bg\" style=\"background-image: url(https:\/\/www.serviciodeempleo.gov.co\/comunidad-spe\/wp-content\/uploads\/sites\/6\/2025\/06\/elevate-sRa7ekP0JA8-unsplash-scaled-1-1024x692.jpg);\" role=\"img\" aria-label=\"elevate-sRa7ekP0JA8-unsplash\"><\/div>\n\t\t\t\t<div class=\"elementor-cta__bg-overlay\"><\/div>\n\t\t\t<\/div>\n\t\t\t\t\t\t\t<div class=\"elementor-cta__content\">\n\t\t\t\t\n\t\t\t\t\t\t\t\t\t<h2 class=\"elementor-cta__title elementor-cta__content-item elementor-content-item\">\n\t\t\t\t\t\tForo de inclusi\u00f3n laboral y poblaciones diferenciales\t\t\t\t\t<\/h2>\n\t\t\t\t\n\t\t\t\t\t\t\t\t\t<div class=\"elementor-cta__description elementor-cta__content-item elementor-content-item\">\n\t\t\t\t\t\tIniciativas, programas y metodolog\u00edas para promover el acceso al empleo de poblaciones como  mujeres, v\u00edctimas, personas con discapacidad, entre otros.\t\t\t\t\t<\/div>\n\t\t\t\t\n\t\t\t\t\t\t\t\t\t<div class=\"elementor-cta__button-wrapper elementor-cta__content-item elementor-content-item \">\n\t\t\t\t\t<a class=\"elementor-cta__button elementor-button elementor-size-\" href=\"https:\/\/spe-comunidad.proyectoswp2025.com\/es_co\/forums\/forum\/foro-de-inclusion-laboral-y-poblaciones-diferenciales\/\">\n\t\t\t\t\t\tIr al foro de inclusi\u00f3n\t\t\t\t\t<\/a>\n\t\t\t\t\t<\/div>\n\t\t\t\t\t\t\t<\/div>\n\t\t\t\t\t\t<\/div>\n\t\t\t\t\t\t<\/div>\n\t\t\t\t<\/div>\n\t\t\t\t\t<\/div>\n\t\t\t\t<\/div>\n\t\t\t\t<\/div>\n\t\t","protected":false},"excerpt":{"rendered":"<p>Foros Foro general del Servicio P\u00fablico de Empleo Foro sobre el funcionamiento, servicios y novedades del SPE. Comparte tus experiencias y sugerencias para mejorar. Ir al foro general Soporte t\u00e9cnico y herramientas Comunidad SPE Solicita ayuda t\u00e9cnica, reporta errores o conoce nuevas funcionalidades disponibles en las plataformas del SPE. Ir al foro de soporte Reportes, [&hellip;]<\/p>\n","protected":false},"author":1,"featured_media":0,"parent":0,"menu_order":0,"comment_status":"closed","ping_status":"closed","template":"elementor_header_footer","meta":{"_bbp_topic_count":0,"_bbp_reply_count":0,"_bbp_total_topic_count":0,"_bbp_total_reply_count":0,"_bbp_voice_count":0,"_bbp_anonymous_reply_count":0,"_bbp_topic_count_hidden":0,"_bbp_reply_count_hidden":0,"_bbp_forum_subforum_count":0,"footnotes":""},"class_list":["post-2382","page","type-page","status-publish","hentry"],"_links":{"self":[{"href":"https:\/\/www.serviciodeempleo.gov.co\/comunidad-spe\/wp-json\/wp\/v2\/pages\/2382","targetHints":{"allow":["GET"]}}],"collection":[{"href":"https:\/\/www.serviciodeempleo.gov.co\/comunidad-spe\/wp-json\/wp\/v2\/pages"}],"about":[{"href":"https:\/\/www.serviciodeempleo.gov.co\/comunidad-spe\/wp-json\/wp\/v2\/types\/page"}],"author":[{"embeddable":true,"href":"https:\/\/www.serviciodeempleo.gov.co\/comunidad-spe\/wp-json\/wp\/v2\/users\/1"}],"replies":[{"embeddable":true,"href":"https:\/\/www.serviciodeempleo.gov.co\/comunidad-spe\/wp-json\/wp\/v2\/comments?post=2382"}],"version-history":[{"count":0,"href":"https:\/\/www.serviciodeempleo.gov.co\/comunidad-spe\/wp-json\/wp\/v2\/pages\/2382\/revisions"}],"wp:attachment":[{"href":"https:\/\/www.serviciodeempleo.gov.co\/comunidad-spe\/wp-json\/wp\/v2\/media?parent=2382"}],"curies":[{"name":"wp","href":"https:\/\/api.w.org\/{rel}","templated":true}]}}