{"id":2388,"date":"2025-06-24T20:28:04","date_gmt":"2025-06-24T20:28:04","guid":{"rendered":"https:\/\/spe-comunidad.proyectoswp2025.com\/?page_id=2388"},"modified":"2025-06-24T20:28:04","modified_gmt":"2025-06-24T20:28:04","slug":"comunidad","status":"publish","type":"page","link":"https:\/\/www.serviciodeempleo.gov.co\/comunidad-spe\/comunidad\/","title":{"rendered":"Comunidad"},"content":{"rendered":"\t\t<div data-elementor-type=\"wp-page\" data-elementor-id=\"2388\" class=\"elementor elementor-2388\" data-elementor-post-type=\"page\">\n\t\t\t\t<div class=\"elementor-element elementor-element-176786e2 e-con-full e-flex e-con e-parent\" data-id=\"176786e2\" data-element_type=\"container\" data-settings=\"{&quot;background_background&quot;:&quot;classic&quot;}\">\n\t\t<div class=\"elementor-element elementor-element-1056e33b e-con-full e-flex e-con e-child\" data-id=\"1056e33b\" data-element_type=\"container\">\n\t\t\t\t<div class=\"elementor-element elementor-element-1fd1e11d animated-slow elementor-invisible elementor-widget elementor-widget-heading\" data-id=\"1fd1e11d\" data-element_type=\"widget\" data-settings=\"{&quot;_animation&quot;:&quot;fadeIn&quot;}\" data-widget_type=\"heading.default\">\n\t\t\t\t\t<h1 class=\"elementor-heading-title elementor-size-default\">Comunidad<\/h1>\t\t\t\t<\/div>\n\t\t\t\t<div class=\"elementor-element elementor-element-22ad51fe elementor-hidden-mobile elementor-widget elementor-widget-spacer\" data-id=\"22ad51fe\" data-element_type=\"widget\" data-widget_type=\"spacer.default\">\n\t\t\t\t\t\t\t<div class=\"elementor-spacer\">\n\t\t\t<div class=\"elementor-spacer-inner\"><\/div>\n\t\t<\/div>\n\t\t\t\t\t\t<\/div>\n\t\t\t\t<\/div>\n\t\t\t\t<\/div>\n\t\t<div class=\"elementor-element elementor-element-2cdca4c e-flex e-con-boxed e-con e-parent\" data-id=\"2cdca4c\" data-element_type=\"container\">\n\t\t\t\t\t<div class=\"e-con-inner\">\n\t\t<div class=\"elementor-element elementor-element-8acff8b e-con-full e-flex e-con e-child\" data-id=\"8acff8b\" data-element_type=\"container\">\n\t\t\t\t<div class=\"elementor-element elementor-element-9d7d5df elementor-widget elementor-widget-image\" data-id=\"9d7d5df\" data-element_type=\"widget\" data-widget_type=\"image.default\">\n\t\t\t\t\t\t\t\t\t\t\t\t\t\t\t<img fetchpriority=\"high\" decoding=\"async\" width=\"1024\" height=\"683\" src=\"https:\/\/www.serviciodeempleo.gov.co\/comunidad-spe\/wp-content\/uploads\/sites\/6\/2025\/06\/AdobeStock_102997096-1024x683.jpg\" class=\"attachment-large size-large wp-image-2440\" alt=\"\" srcset=\"https:\/\/www.serviciodeempleo.gov.co\/comunidad-spe\/wp-content\/uploads\/sites\/6\/2025\/06\/AdobeStock_102997096-1024x683.jpg 1024w, https:\/\/www.serviciodeempleo.gov.co\/comunidad-spe\/wp-content\/uploads\/sites\/6\/2025\/06\/AdobeStock_102997096-300x200.jpg 300w, https:\/\/www.serviciodeempleo.gov.co\/comunidad-spe\/wp-content\/uploads\/sites\/6\/2025\/06\/AdobeStock_102997096-768x512.jpg 768w, https:\/\/www.serviciodeempleo.gov.co\/comunidad-spe\/wp-content\/uploads\/sites\/6\/2025\/06\/AdobeStock_102997096-762x508.jpg 762w, https:\/\/www.serviciodeempleo.gov.co\/comunidad-spe\/wp-content\/uploads\/sites\/6\/2025\/06\/AdobeStock_102997096-450x300.jpg 450w, https:\/\/www.serviciodeempleo.gov.co\/comunidad-spe\/wp-content\/uploads\/sites\/6\/2025\/06\/AdobeStock_102997096.jpg 1440w\" sizes=\"(min-width: 960px) 75vw, 100vw\" \/>\t\t\t\t\t\t\t\t\t\t\t\t\t\t\t<\/div>\n\t\t\t\t<\/div>\n\t\t<div class=\"elementor-element elementor-element-ccdb10d e-con-full e-flex e-con e-child\" data-id=\"ccdb10d\" data-element_type=\"container\">\n\t\t\t\t<div class=\"elementor-element elementor-element-60e454f elementor-widget elementor-widget-heading\" data-id=\"60e454f\" data-element_type=\"widget\" data-widget_type=\"heading.default\">\n\t\t\t\t\t<h2 class=\"elementor-heading-title elementor-size-default\">Beneficios destacados: <\/h2>\t\t\t\t<\/div>\n\t\t\t\t<div class=\"elementor-element elementor-element-175b768 elementor-icon-list--layout-traditional elementor-list-item-link-full_width elementor-widget elementor-widget-icon-list\" data-id=\"175b768\" data-element_type=\"widget\" data-widget_type=\"icon-list.default\">\n\t\t\t\t\t\t\t<ul class=\"elementor-icon-list-items\">\n\t\t\t\t\t\t\t<li class=\"elementor-icon-list-item\">\n\t\t\t\t\t\t\t\t\t\t\t<span class=\"elementor-icon-list-icon\">\n\t\t\t\t\t\t\t<svg aria-hidden=\"true\" class=\"e-font-icon-svg e-fab-searchengin\" viewBox=\"0 0 460 512\" xmlns=\"http:\/\/www.w3.org\/2000\/svg\"><path d=\"M220.6 130.3l-67.2 28.2V43.2L98.7 233.5l54.7-24.2v130.3l67.2-209.3zm-83.2-96.7l-1.3 4.7-15.2 52.9C80.6 106.7 52 145.8 52 191.5c0 52.3 34.3 95.9 83.4 105.5v53.6C57.5 340.1 0 272.4 0 191.6c0-80.5 59.8-147.2 137.4-158zm311.4 447.2c-11.2 11.2-23.1 12.3-28.6 10.5-5.4-1.8-27.1-19.9-60.4-44.4-33.3-24.6-33.6-35.7-43-56.7-9.4-20.9-30.4-42.6-57.5-52.4l-9.7-14.7c-24.7 16.9-53 26.9-81.3 28.7l2.1-6.6 15.9-49.5c46.5-11.9 80.9-54 80.9-104.2 0-54.5-38.4-102.1-96-107.1V32.3C254.4 37.4 320 106.8 320 191.6c0 33.6-11.2 64.7-29 90.4l14.6 9.6c9.8 27.1 31.5 48 52.4 57.4s32.2 9.7 56.8 43c24.6 33.2 42.7 54.9 44.5 60.3s.7 17.3-10.5 28.5zm-9.9-17.9c0-4.4-3.6-8-8-8s-8 3.6-8 8 3.6 8 8 8 8-3.6 8-8z\"><\/path><\/svg>\t\t\t\t\t\t<\/span>\n\t\t\t\t\t\t\t\t\t\t<span class=\"elementor-icon-list-text\">Descubre otros perfiles<\/span>\n\t\t\t\t\t\t\t\t\t<\/li>\n\t\t\t\t\t\t\t\t<li class=\"elementor-icon-list-item\">\n\t\t\t\t\t\t\t\t\t\t\t<span class=\"elementor-icon-list-icon\">\n\t\t\t\t\t\t\t<svg aria-hidden=\"true\" class=\"e-font-icon-svg e-far-comments\" viewBox=\"0 0 576 512\" xmlns=\"http:\/\/www.w3.org\/2000\/svg\"><path d=\"M532 386.2c27.5-27.1 44-61.1 44-98.2 0-80-76.5-146.1-176.2-157.9C368.3 72.5 294.3 32 208 32 93.1 32 0 103.6 0 192c0 37 16.5 71 44 98.2-15.3 30.7-37.3 54.5-37.7 54.9-6.3 6.7-8.1 16.5-4.4 25 3.6 8.5 12 14 21.2 14 53.5 0 96.7-20.2 125.2-38.8 9.2 2.1 18.7 3.7 28.4 4.9C208.1 407.6 281.8 448 368 448c20.8 0 40.8-2.4 59.8-6.8C456.3 459.7 499.4 480 553 480c9.2 0 17.5-5.5 21.2-14 3.6-8.5 1.9-18.3-4.4-25-.4-.3-22.5-24.1-37.8-54.8zm-392.8-92.3L122.1 305c-14.1 9.1-28.5 16.3-43.1 21.4 2.7-4.7 5.4-9.7 8-14.8l15.5-31.1L77.7 256C64.2 242.6 48 220.7 48 192c0-60.7 73.3-112 160-112s160 51.3 160 112-73.3 112-160 112c-16.5 0-33-1.9-49-5.6l-19.8-4.5zM498.3 352l-24.7 24.4 15.5 31.1c2.6 5.1 5.3 10.1 8 14.8-14.6-5.1-29-12.3-43.1-21.4l-17.1-11.1-19.9 4.6c-16 3.7-32.5 5.6-49 5.6-54 0-102.2-20.1-131.3-49.7C338 339.5 416 272.9 416 192c0-3.4-.4-6.7-.7-10C479.7 196.5 528 238.8 528 288c0 28.7-16.2 50.6-29.7 64z\"><\/path><\/svg>\t\t\t\t\t\t<\/span>\n\t\t\t\t\t\t\t\t\t\t<span class=\"elementor-icon-list-text\">Participa en foros tem\u00e1ticos<\/span>\n\t\t\t\t\t\t\t\t\t<\/li>\n\t\t\t\t\t\t\t\t<li class=\"elementor-icon-list-item\">\n\t\t\t\t\t\t\t\t\t\t\t<span class=\"elementor-icon-list-icon\">\n\t\t\t\t\t\t\t<svg aria-hidden=\"true\" class=\"e-font-icon-svg e-far-handshake\" viewBox=\"0 0 640 512\" xmlns=\"http:\/\/www.w3.org\/2000\/svg\"><path d=\"M519.2 127.9l-47.6-47.6A56.252 56.252 0 0 0 432 64H205.2c-14.8 0-29.1 5.9-39.6 16.3L118 127.9H0v255.7h64c17.6 0 31.8-14.2 31.9-31.7h9.1l84.6 76.4c30.9 25.1 73.8 25.7 105.6 3.8 12.5 10.8 26 15.9 41.1 15.9 18.2 0 35.3-7.4 48.8-24 22.1 8.7 48.2 2.6 64-16.8l26.2-32.3c5.6-6.9 9.1-14.8 10.9-23h57.9c.1 17.5 14.4 31.7 31.9 31.7h64V127.9H519.2zM48 351.6c-8.8 0-16-7.2-16-16s7.2-16 16-16 16 7.2 16 16c0 8.9-7.2 16-16 16zm390-6.9l-26.1 32.2c-2.8 3.4-7.8 4-11.3 1.2l-23.9-19.4-30 36.5c-6 7.3-15 4.8-18 2.4l-36.8-31.5-15.6 19.2c-13.9 17.1-39.2 19.7-55.3 6.6l-97.3-88H96V175.8h41.9l61.7-61.6c2-.8 3.7-1.5 5.7-2.3H262l-38.7 35.5c-29.4 26.9-31.1 72.3-4.4 101.3 14.8 16.2 61.2 41.2 101.5 4.4l8.2-7.5 108.2 87.8c3.4 2.8 3.9 7.9 1.2 11.3zm106-40.8h-69.2c-2.3-2.8-4.9-5.4-7.7-7.7l-102.7-83.4 12.5-11.4c6.5-6 7-16.1 1-22.6L367 167.1c-6-6.5-16.1-6.9-22.6-1l-55.2 50.6c-9.5 8.7-25.7 9.4-34.6 0-9.3-9.9-8.5-25.1 1.2-33.9l65.6-60.1c7.4-6.8 17-10.5 27-10.5l83.7-.2c2.1 0 4.1.8 5.5 2.3l61.7 61.6H544v128zm48 47.7c-8.8 0-16-7.2-16-16s7.2-16 16-16 16 7.2 16 16c0 8.9-7.2 16-16 16z\"><\/path><\/svg>\t\t\t\t\t\t<\/span>\n\t\t\t\t\t\t\t\t\t\t<span class=\"elementor-icon-list-text\">\u00danete a grupos de trabajo<\/span>\n\t\t\t\t\t\t\t\t\t<\/li>\n\t\t\t\t\t\t\t\t<li class=\"elementor-icon-list-item\">\n\t\t\t\t\t\t\t\t\t\t\t<span class=\"elementor-icon-list-icon\">\n\t\t\t\t\t\t\t<svg aria-hidden=\"true\" class=\"e-font-icon-svg e-far-share-square\" viewBox=\"0 0 576 512\" xmlns=\"http:\/\/www.w3.org\/2000\/svg\"><path d=\"M561.938 158.06L417.94 14.092C387.926-15.922 336 5.097 336 48.032v57.198c-42.45 1.88-84.03 6.55-120.76 17.99-35.17 10.95-63.07 27.58-82.91 49.42C108.22 199.2 96 232.6 96 271.94c0 61.697 33.178 112.455 84.87 144.76 37.546 23.508 85.248-12.651 71.02-55.74-15.515-47.119-17.156-70.923 84.11-78.76V336c0 42.993 51.968 63.913 81.94 33.94l143.998-144c18.75-18.74 18.75-49.14 0-67.88zM384 336V232.16C255.309 234.082 166.492 255.35 206.31 376 176.79 357.55 144 324.08 144 271.94c0-109.334 129.14-118.947 240-119.85V48l144 144-144 144zm24.74 84.493a82.658 82.658 0 0 0 20.974-9.303c7.976-4.952 18.286.826 18.286 10.214V464c0 26.51-21.49 48-48 48H48c-26.51 0-48-21.49-48-48V112c0-26.51 21.49-48 48-48h132c6.627 0 12 5.373 12 12v4.486c0 4.917-2.987 9.369-7.569 11.152-13.702 5.331-26.396 11.537-38.05 18.585a12.138 12.138 0 0 1-6.28 1.777H54a6 6 0 0 0-6 6v340a6 6 0 0 0 6 6h340a6 6 0 0 0 6-6v-25.966c0-5.37 3.579-10.059 8.74-11.541z\"><\/path><\/svg>\t\t\t\t\t\t<\/span>\n\t\t\t\t\t\t\t\t\t\t<span class=\"elementor-icon-list-text\">Consulta y comparte recursos con la red<\/span>\n\t\t\t\t\t\t\t\t\t<\/li>\n\t\t\t\t\t\t<\/ul>\n\t\t\t\t\t\t<\/div>\n\t\t<div class=\"elementor-element elementor-element-c7bfacd e-grid e-con-full e-con e-child\" data-id=\"c7bfacd\" data-element_type=\"container\">\n\t\t\t\t<div class=\"elementor-element elementor-element-31d897d elementor-align-left elementor-mobile-align-center elementor-widget elementor-widget-button\" data-id=\"31d897d\" data-element_type=\"widget\" data-widget_type=\"button.default\">\n\t\t\t\t\t\t\t\t\t\t<a class=\"elementor-button elementor-button-link elementor-size-md\" href=\"#\">\n\t\t\t\t\t\t<span class=\"elementor-button-content-wrapper\">\n\t\t\t\t\t\t\t\t\t<span class=\"elementor-button-text\">Iniciar sesi\u00f3n<\/span>\n\t\t\t\t\t<\/span>\n\t\t\t\t\t<\/a>\n\t\t\t\t\t\t\t\t<\/div>\n\t\t\t\t<div class=\"elementor-element elementor-element-9249d32 elementor-align-left elementor-mobile-align-center elementor-widget elementor-widget-button\" data-id=\"9249d32\" data-element_type=\"widget\" data-widget_type=\"button.default\">\n\t\t\t\t\t\t\t\t\t\t<a class=\"elementor-button elementor-button-link elementor-size-md\" href=\"#\">\n\t\t\t\t\t\t<span class=\"elementor-button-content-wrapper\">\n\t\t\t\t\t\t\t\t\t<span class=\"elementor-button-text\">Registrarme<\/span>\n\t\t\t\t\t<\/span>\n\t\t\t\t\t<\/a>\n\t\t\t\t\t\t\t\t<\/div>\n\t\t\t\t<\/div>\n\t\t\t\t<\/div>\n\t\t\t\t\t<\/div>\n\t\t\t\t<\/div>\n\t\t\t\t<\/div>\n\t\t","protected":false},"excerpt":{"rendered":"<p>Comunidad Beneficios destacados: Descubre otros perfiles Participa en foros tem\u00e1ticos \u00danete a grupos de trabajo Consulta y comparte recursos con la red Iniciar sesi\u00f3n Registrarme<\/p>\n","protected":false},"author":1,"featured_media":0,"parent":0,"menu_order":0,"comment_status":"closed","ping_status":"closed","template":"elementor_header_footer","meta":{"_bbp_topic_count":0,"_bbp_reply_count":0,"_bbp_total_topic_count":0,"_bbp_total_reply_count":0,"_bbp_voice_count":0,"_bbp_anonymous_reply_count":0,"_bbp_topic_count_hidden":0,"_bbp_reply_count_hidden":0,"_bbp_forum_subforum_count":0,"footnotes":""},"class_list":["post-2388","page","type-page","status-publish","hentry"],"_links":{"self":[{"href":"https:\/\/www.serviciodeempleo.gov.co\/comunidad-spe\/wp-json\/wp\/v2\/pages\/2388","targetHints":{"allow":["GET"]}}],"collection":[{"href":"https:\/\/www.serviciodeempleo.gov.co\/comunidad-spe\/wp-json\/wp\/v2\/pages"}],"about":[{"href":"https:\/\/www.serviciodeempleo.gov.co\/comunidad-spe\/wp-json\/wp\/v2\/types\/page"}],"author":[{"embeddable":true,"href":"https:\/\/www.serviciodeempleo.gov.co\/comunidad-spe\/wp-json\/wp\/v2\/users\/1"}],"replies":[{"embeddable":true,"href":"https:\/\/www.serviciodeempleo.gov.co\/comunidad-spe\/wp-json\/wp\/v2\/comments?post=2388"}],"version-history":[{"count":0,"href":"https:\/\/www.serviciodeempleo.gov.co\/comunidad-spe\/wp-json\/wp\/v2\/pages\/2388\/revisions"}],"wp:attachment":[{"href":"https:\/\/www.serviciodeempleo.gov.co\/comunidad-spe\/wp-json\/wp\/v2\/media?parent=2388"}],"curies":[{"name":"wp","href":"https:\/\/api.w.org\/{rel}","templated":true}]}}