{"id":2467,"date":"2025-06-25T15:23:29","date_gmt":"2025-06-25T15:23:29","guid":{"rendered":"https:\/\/spe-comunidad.proyectoswp2025.com\/?page_id=2467"},"modified":"2025-06-25T15:23:29","modified_gmt":"2025-06-25T15:23:29","slug":"blog-2","status":"publish","type":"page","link":"https:\/\/www.serviciodeempleo.gov.co\/comunidad-spe\/blog-2\/","title":{"rendered":"Blog"},"content":{"rendered":"\t\t<div data-elementor-type=\"wp-page\" data-elementor-id=\"2467\" class=\"elementor elementor-2467\" data-elementor-post-type=\"page\">\n\t\t\t\t<div class=\"elementor-element elementor-element-572567a e-con-full e-flex e-con e-parent\" data-id=\"572567a\" data-element_type=\"container\" data-settings=\"{&quot;background_background&quot;:&quot;classic&quot;}\">\n\t\t<div class=\"elementor-element elementor-element-0eca3d5 e-con-full e-flex e-con e-child\" data-id=\"0eca3d5\" data-element_type=\"container\">\n\t\t\t\t<div class=\"elementor-element elementor-element-2d04d2e animated-slow elementor-invisible elementor-widget elementor-widget-heading\" data-id=\"2d04d2e\" data-element_type=\"widget\" data-settings=\"{&quot;_animation&quot;:&quot;fadeIn&quot;}\" data-widget_type=\"heading.default\">\n\t\t\t\t\t<h1 class=\"elementor-heading-title elementor-size-default\">Blog<\/h1>\t\t\t\t<\/div>\n\t\t\t\t<div class=\"elementor-element elementor-element-2c01d01 elementor-hidden-mobile elementor-widget elementor-widget-spacer\" data-id=\"2c01d01\" data-element_type=\"widget\" data-widget_type=\"spacer.default\">\n\t\t\t\t\t\t\t<div class=\"elementor-spacer\">\n\t\t\t<div class=\"elementor-spacer-inner\"><\/div>\n\t\t<\/div>\n\t\t\t\t\t\t<\/div>\n\t\t\t\t<\/div>\n\t\t\t\t<\/div>\n\t\t<div class=\"elementor-element elementor-element-805a874 e-flex e-con-boxed e-con e-parent\" data-id=\"805a874\" data-element_type=\"container\">\n\t\t\t\t\t<div class=\"e-con-inner\">\n\t\t\t\t<div class=\"elementor-element elementor-element-dedc9c5 elementor-grid-3 elementor-grid-tablet-2 elementor-grid-mobile-1 elementor-posts--thumbnail-top elementor-card-shadow-yes elementor-posts__hover-gradient elementor-widget elementor-widget-posts\" data-id=\"dedc9c5\" data-element_type=\"widget\" data-settings=\"{&quot;cards_columns&quot;:&quot;3&quot;,&quot;cards_columns_tablet&quot;:&quot;2&quot;,&quot;cards_columns_mobile&quot;:&quot;1&quot;,&quot;cards_row_gap&quot;:{&quot;unit&quot;:&quot;px&quot;,&quot;size&quot;:35,&quot;sizes&quot;:[]},&quot;cards_row_gap_widescreen&quot;:{&quot;unit&quot;:&quot;px&quot;,&quot;size&quot;:&quot;&quot;,&quot;sizes&quot;:[]},&quot;cards_row_gap_laptop&quot;:{&quot;unit&quot;:&quot;px&quot;,&quot;size&quot;:&quot;&quot;,&quot;sizes&quot;:[]},&quot;cards_row_gap_tablet_extra&quot;:{&quot;unit&quot;:&quot;px&quot;,&quot;size&quot;:&quot;&quot;,&quot;sizes&quot;:[]},&quot;cards_row_gap_tablet&quot;:{&quot;unit&quot;:&quot;px&quot;,&quot;size&quot;:&quot;&quot;,&quot;sizes&quot;:[]},&quot;cards_row_gap_mobile_extra&quot;:{&quot;unit&quot;:&quot;px&quot;,&quot;size&quot;:&quot;&quot;,&quot;sizes&quot;:[]},&quot;cards_row_gap_mobile&quot;:{&quot;unit&quot;:&quot;px&quot;,&quot;size&quot;:&quot;&quot;,&quot;sizes&quot;:[]}}\" data-widget_type=\"posts.cards\">\n\t\t\t\t<div class=\"elementor-widget-container\">\n\t\t\t\t\t\t\t<div class=\"elementor-posts-container elementor-posts elementor-posts--skin-cards elementor-grid\" role=\"list\">\n\t\t\t\t<article class=\"elementor-post elementor-grid-item post-1 post type-post status-publish format-standard hentry category-sin-categoria\" role=\"listitem\">\n\t\t\t<div class=\"elementor-post__card\">\n\t\t\t\t<div class=\"elementor-post__text\">\n\t\t\t\t<h3 class=\"elementor-post__title\">\n\t\t\t<a href=\"https:\/\/www.serviciodeempleo.gov.co\/comunidad-spe\/2025\/08\/25\/hola-mundo\/\" >\n\t\t\t\t\u00a1Hola mundo!\t\t\t<\/a>\n\t\t<\/h3>\n\t\t\t\t<div class=\"elementor-post__excerpt\">\n\t\t\t<p>Welcome to spe. This is your first post. Edit or delete it, then start writing!<\/p>\n\t\t<\/div>\n\t\t\n\t\t<a class=\"elementor-post__read-more\" href=\"https:\/\/www.serviciodeempleo.gov.co\/comunidad-spe\/2025\/08\/25\/hola-mundo\/\" aria-label=\"Read more about \u00a1Hola mundo!\" tabindex=\"-1\" >\n\t\t\tleer el art\u00edculo completo \u00bb\t\t<\/a>\n\n\t\t\t\t<\/div>\n\t\t\t\t<div class=\"elementor-post__meta-data\">\n\t\t\t\t\t<span class=\"elementor-post-date\">\n\t\t\t25 agosto, 2025\t\t<\/span>\n\t\t\t\t<span class=\"elementor-post-avatar\">\n\t\t\t1 comentario\t\t<\/span>\n\t\t\t\t<\/div>\n\t\t\t\t\t<\/div>\n\t\t<\/article>\n\t\t\t\t<article class=\"elementor-post elementor-grid-item post-2742 post type-post status-publish format-standard has-post-thumbnail hentry category-blog\" role=\"listitem\">\n\t\t\t<div class=\"elementor-post__card\">\n\t\t\t\t<a class=\"elementor-post__thumbnail__link\" href=\"https:\/\/www.serviciodeempleo.gov.co\/comunidad-spe\/2025\/06\/27\/el-rol-clave-de-los-prestadores-en-el-ecosistema-del-spe\/\" tabindex=\"-1\" ><div class=\"elementor-post__thumbnail\"><img fetchpriority=\"high\" decoding=\"async\" width=\"300\" height=\"169\" src=\"https:\/\/www.serviciodeempleo.gov.co\/comunidad-spe\/wp-content\/uploads\/sites\/6\/2025\/06\/vitaly-gariev-V1MU7K8aPwU-unsplash-1-300x169.jpg\" class=\"attachment-medium size-medium wp-image-2470\" alt=\"\" srcset=\"https:\/\/www.serviciodeempleo.gov.co\/comunidad-spe\/wp-content\/uploads\/sites\/6\/2025\/06\/vitaly-gariev-V1MU7K8aPwU-unsplash-1-300x169.jpg 300w, https:\/\/www.serviciodeempleo.gov.co\/comunidad-spe\/wp-content\/uploads\/sites\/6\/2025\/06\/vitaly-gariev-V1MU7K8aPwU-unsplash-1-1024x576.jpg 1024w, https:\/\/www.serviciodeempleo.gov.co\/comunidad-spe\/wp-content\/uploads\/sites\/6\/2025\/06\/vitaly-gariev-V1MU7K8aPwU-unsplash-1-768x432.jpg 768w, https:\/\/www.serviciodeempleo.gov.co\/comunidad-spe\/wp-content\/uploads\/sites\/6\/2025\/06\/vitaly-gariev-V1MU7K8aPwU-unsplash-1-903x508.jpg 903w, https:\/\/www.serviciodeempleo.gov.co\/comunidad-spe\/wp-content\/uploads\/sites\/6\/2025\/06\/vitaly-gariev-V1MU7K8aPwU-unsplash-1.jpg 1152w\" sizes=\"(min-width: 960px) 75vw, 100vw\" \/><\/div><\/a>\n\t\t\t\t<div class=\"elementor-post__badge\">Blog<\/div>\n\t\t\t\t<div class=\"elementor-post__text\">\n\t\t\t\t<h3 class=\"elementor-post__title\">\n\t\t\t<a href=\"https:\/\/www.serviciodeempleo.gov.co\/comunidad-spe\/2025\/06\/27\/el-rol-clave-de-los-prestadores-en-el-ecosistema-del-spe\/\" >\n\t\t\t\tEl Rol Clave de los Prestadores en el Ecosistema del SPE\t\t\t<\/a>\n\t\t<\/h3>\n\t\t\t\t<div class=\"elementor-post__excerpt\">\n\t\t\t<p>En el din\u00e1mico mundo del empleo, los prestadores del Servicio P\u00fablico de Empleo (SPE) \u2014como las cajas de compensaci\u00f3n familiar y las empresas de servicios<\/p>\n\t\t<\/div>\n\t\t\n\t\t<a class=\"elementor-post__read-more\" href=\"https:\/\/www.serviciodeempleo.gov.co\/comunidad-spe\/2025\/06\/27\/el-rol-clave-de-los-prestadores-en-el-ecosistema-del-spe\/\" aria-label=\"Read more about El Rol Clave de los Prestadores en el Ecosistema del SPE\" tabindex=\"-1\" >\n\t\t\tleer el art\u00edculo completo \u00bb\t\t<\/a>\n\n\t\t\t\t<\/div>\n\t\t\t\t<div class=\"elementor-post__meta-data\">\n\t\t\t\t\t<span class=\"elementor-post-date\">\n\t\t\t27 junio, 2025\t\t<\/span>\n\t\t\t\t<span class=\"elementor-post-avatar\">\n\t\t\tNo hay comentarios\t\t<\/span>\n\t\t\t\t<\/div>\n\t\t\t\t\t<\/div>\n\t\t<\/article>\n\t\t\t\t<article class=\"elementor-post elementor-grid-item post-2311 post type-post status-publish format-standard has-post-thumbnail hentry category-consejos-de-carreras tag-job-search\" role=\"listitem\">\n\t\t\t<div class=\"elementor-post__card\">\n\t\t\t\t<a class=\"elementor-post__thumbnail__link\" href=\"https:\/\/www.serviciodeempleo.gov.co\/comunidad-spe\/2025\/04\/16\/5-buenas-practicas-en-la-atencion-al-buscador-de-empleo\/\" tabindex=\"-1\" ><div class=\"elementor-post__thumbnail\"><img decoding=\"async\" width=\"300\" height=\"200\" src=\"https:\/\/www.serviciodeempleo.gov.co\/comunidad-spe\/wp-content\/uploads\/sites\/6\/2025\/04\/alex-kotliarskyi-QBpZGqEMsKg-unsplash-1-300x200.jpg\" class=\"attachment-medium size-medium wp-image-2505\" alt=\"\" srcset=\"https:\/\/www.serviciodeempleo.gov.co\/comunidad-spe\/wp-content\/uploads\/sites\/6\/2025\/04\/alex-kotliarskyi-QBpZGqEMsKg-unsplash-1-300x200.jpg 300w, https:\/\/www.serviciodeempleo.gov.co\/comunidad-spe\/wp-content\/uploads\/sites\/6\/2025\/04\/alex-kotliarskyi-QBpZGqEMsKg-unsplash-1-1024x682.jpg 1024w, https:\/\/www.serviciodeempleo.gov.co\/comunidad-spe\/wp-content\/uploads\/sites\/6\/2025\/04\/alex-kotliarskyi-QBpZGqEMsKg-unsplash-1-768x512.jpg 768w, https:\/\/www.serviciodeempleo.gov.co\/comunidad-spe\/wp-content\/uploads\/sites\/6\/2025\/04\/alex-kotliarskyi-QBpZGqEMsKg-unsplash-1-1536x1023.jpg 1536w, https:\/\/www.serviciodeempleo.gov.co\/comunidad-spe\/wp-content\/uploads\/sites\/6\/2025\/04\/alex-kotliarskyi-QBpZGqEMsKg-unsplash-1-762x508.jpg 762w, https:\/\/www.serviciodeempleo.gov.co\/comunidad-spe\/wp-content\/uploads\/sites\/6\/2025\/04\/alex-kotliarskyi-QBpZGqEMsKg-unsplash-1-450x300.jpg 450w, https:\/\/www.serviciodeempleo.gov.co\/comunidad-spe\/wp-content\/uploads\/sites\/6\/2025\/04\/alex-kotliarskyi-QBpZGqEMsKg-unsplash-1.jpg 1600w\" sizes=\"(min-width: 960px) 75vw, 100vw\" \/><\/div><\/a>\n\t\t\t\t<div class=\"elementor-post__badge\">Consejos de Carreras<\/div>\n\t\t\t\t<div class=\"elementor-post__text\">\n\t\t\t\t<h3 class=\"elementor-post__title\">\n\t\t\t<a href=\"https:\/\/www.serviciodeempleo.gov.co\/comunidad-spe\/2025\/04\/16\/5-buenas-practicas-en-la-atencion-al-buscador-de-empleo\/\" >\n\t\t\t\t5 Buenas pr\u00e1cticas en la atenci\u00f3n al buscador de empleo\t\t\t<\/a>\n\t\t<\/h3>\n\t\t\t\t<div class=\"elementor-post__excerpt\">\n\t\t\t<p>Introducci\u00f3n Buscar empleo puede ser un proceso complicado y estresante. Sin embargo, aplicar algunas buenas pr\u00e1cticas puede hacer que la experiencia sea mucho m\u00e1s efectiva<\/p>\n\t\t<\/div>\n\t\t\n\t\t<a class=\"elementor-post__read-more\" href=\"https:\/\/www.serviciodeempleo.gov.co\/comunidad-spe\/2025\/04\/16\/5-buenas-practicas-en-la-atencion-al-buscador-de-empleo\/\" aria-label=\"Read more about 5 Buenas pr\u00e1cticas en la atenci\u00f3n al buscador de empleo\" tabindex=\"-1\" >\n\t\t\tleer el art\u00edculo completo \u00bb\t\t<\/a>\n\n\t\t\t\t<\/div>\n\t\t\t\t<div class=\"elementor-post__meta-data\">\n\t\t\t\t\t<span class=\"elementor-post-date\">\n\t\t\t16 abril, 2025\t\t<\/span>\n\t\t\t\t<span class=\"elementor-post-avatar\">\n\t\t\tNo hay comentarios\t\t<\/span>\n\t\t\t\t<\/div>\n\t\t\t\t\t<\/div>\n\t\t<\/article>\n\t\t\t\t<article class=\"elementor-post elementor-grid-item post-2310 post type-post status-publish format-standard has-post-thumbnail hentry category-recursos-humanos tag-labor-intermediation\" role=\"listitem\">\n\t\t\t<div class=\"elementor-post__card\">\n\t\t\t\t<a class=\"elementor-post__thumbnail__link\" href=\"https:\/\/www.serviciodeempleo.gov.co\/comunidad-spe\/2025\/04\/16\/como-mejorar-la-intermediacion-laboral-desde-tu-rol\/\" tabindex=\"-1\" ><div class=\"elementor-post__thumbnail\"><img decoding=\"async\" width=\"300\" height=\"200\" src=\"https:\/\/www.serviciodeempleo.gov.co\/comunidad-spe\/wp-content\/uploads\/sites\/6\/2025\/04\/cowomen-7Zy2KV76Mts-unsplash-1-300x200.jpg\" class=\"attachment-medium size-medium wp-image-2521\" alt=\"\" srcset=\"https:\/\/www.serviciodeempleo.gov.co\/comunidad-spe\/wp-content\/uploads\/sites\/6\/2025\/04\/cowomen-7Zy2KV76Mts-unsplash-1-300x200.jpg 300w, https:\/\/www.serviciodeempleo.gov.co\/comunidad-spe\/wp-content\/uploads\/sites\/6\/2025\/04\/cowomen-7Zy2KV76Mts-unsplash-1-1024x683.jpg 1024w, https:\/\/www.serviciodeempleo.gov.co\/comunidad-spe\/wp-content\/uploads\/sites\/6\/2025\/04\/cowomen-7Zy2KV76Mts-unsplash-1-768x512.jpg 768w, https:\/\/www.serviciodeempleo.gov.co\/comunidad-spe\/wp-content\/uploads\/sites\/6\/2025\/04\/cowomen-7Zy2KV76Mts-unsplash-1-1536x1024.jpg 1536w, https:\/\/www.serviciodeempleo.gov.co\/comunidad-spe\/wp-content\/uploads\/sites\/6\/2025\/04\/cowomen-7Zy2KV76Mts-unsplash-1-762x508.jpg 762w, https:\/\/www.serviciodeempleo.gov.co\/comunidad-spe\/wp-content\/uploads\/sites\/6\/2025\/04\/cowomen-7Zy2KV76Mts-unsplash-1-450x300.jpg 450w, https:\/\/www.serviciodeempleo.gov.co\/comunidad-spe\/wp-content\/uploads\/sites\/6\/2025\/04\/cowomen-7Zy2KV76Mts-unsplash-1.jpg 1600w\" sizes=\"(min-width: 960px) 75vw, 100vw\" \/><\/div><\/a>\n\t\t\t\t<div class=\"elementor-post__badge\">Recursos Humanos<\/div>\n\t\t\t\t<div class=\"elementor-post__text\">\n\t\t\t\t<h3 class=\"elementor-post__title\">\n\t\t\t<a href=\"https:\/\/www.serviciodeempleo.gov.co\/comunidad-spe\/2025\/04\/16\/como-mejorar-la-intermediacion-laboral-desde-tu-rol\/\" >\n\t\t\t\tC\u00f3mo mejorar la intermediaci\u00f3n laboral desde tu rol\t\t\t<\/a>\n\t\t<\/h3>\n\t\t\t\t<div class=\"elementor-post__excerpt\">\n\t\t\t<p>La importancia de la intermediaci\u00f3n laboral La intermediaci\u00f3n laboral es un proceso vital que conecta a los empleadores con candidatos id\u00f3neos. En un entorno competitivo,<\/p>\n\t\t<\/div>\n\t\t\n\t\t<a class=\"elementor-post__read-more\" href=\"https:\/\/www.serviciodeempleo.gov.co\/comunidad-spe\/2025\/04\/16\/como-mejorar-la-intermediacion-laboral-desde-tu-rol\/\" aria-label=\"Read more about C\u00f3mo mejorar la intermediaci\u00f3n laboral desde tu rol\" tabindex=\"-1\" >\n\t\t\tleer el art\u00edculo completo \u00bb\t\t<\/a>\n\n\t\t\t\t<\/div>\n\t\t\t\t<div class=\"elementor-post__meta-data\">\n\t\t\t\t\t<span class=\"elementor-post-date\">\n\t\t\t16 abril, 2025\t\t<\/span>\n\t\t\t\t<span class=\"elementor-post-avatar\">\n\t\t\tNo hay comentarios\t\t<\/span>\n\t\t\t\t<\/div>\n\t\t\t\t\t<\/div>\n\t\t<\/article>\n\t\t\t\t<article class=\"elementor-post elementor-grid-item post-2309 post type-post status-publish format-standard has-post-thumbnail hentry category-trabajo-y-empleo tag-employment-agencies\" role=\"listitem\">\n\t\t\t<div class=\"elementor-post__card\">\n\t\t\t\t<a class=\"elementor-post__thumbnail__link\" href=\"https:\/\/www.serviciodeempleo.gov.co\/comunidad-spe\/2025\/04\/16\/diferencias-clave-entre-empresas-temporales-y-agencias-de-empleo\/\" tabindex=\"-1\" ><div class=\"elementor-post__thumbnail\"><img loading=\"lazy\" decoding=\"async\" width=\"300\" height=\"200\" src=\"https:\/\/www.serviciodeempleo.gov.co\/comunidad-spe\/wp-content\/uploads\/sites\/6\/2025\/04\/sebastian-herrmann-NbtIDoFKGO8-unsplash-1-300x200.jpg\" class=\"attachment-medium size-medium wp-image-2525\" alt=\"\" srcset=\"https:\/\/www.serviciodeempleo.gov.co\/comunidad-spe\/wp-content\/uploads\/sites\/6\/2025\/04\/sebastian-herrmann-NbtIDoFKGO8-unsplash-1-300x200.jpg 300w, https:\/\/www.serviciodeempleo.gov.co\/comunidad-spe\/wp-content\/uploads\/sites\/6\/2025\/04\/sebastian-herrmann-NbtIDoFKGO8-unsplash-1-1024x683.jpg 1024w, https:\/\/www.serviciodeempleo.gov.co\/comunidad-spe\/wp-content\/uploads\/sites\/6\/2025\/04\/sebastian-herrmann-NbtIDoFKGO8-unsplash-1-768x512.jpg 768w, https:\/\/www.serviciodeempleo.gov.co\/comunidad-spe\/wp-content\/uploads\/sites\/6\/2025\/04\/sebastian-herrmann-NbtIDoFKGO8-unsplash-1-1536x1024.jpg 1536w, https:\/\/www.serviciodeempleo.gov.co\/comunidad-spe\/wp-content\/uploads\/sites\/6\/2025\/04\/sebastian-herrmann-NbtIDoFKGO8-unsplash-1-762x508.jpg 762w, https:\/\/www.serviciodeempleo.gov.co\/comunidad-spe\/wp-content\/uploads\/sites\/6\/2025\/04\/sebastian-herrmann-NbtIDoFKGO8-unsplash-1-450x300.jpg 450w, https:\/\/www.serviciodeempleo.gov.co\/comunidad-spe\/wp-content\/uploads\/sites\/6\/2025\/04\/sebastian-herrmann-NbtIDoFKGO8-unsplash-1.jpg 1600w\" sizes=\"(min-width: 960px) 75vw, 100vw\" \/><\/div><\/a>\n\t\t\t\t<div class=\"elementor-post__badge\">Trabajo y Empleo<\/div>\n\t\t\t\t<div class=\"elementor-post__text\">\n\t\t\t\t<h3 class=\"elementor-post__title\">\n\t\t\t<a href=\"https:\/\/www.serviciodeempleo.gov.co\/comunidad-spe\/2025\/04\/16\/diferencias-clave-entre-empresas-temporales-y-agencias-de-empleo\/\" >\n\t\t\t\tDiferencias clave entre empresas temporales y agencias de empleo\t\t\t<\/a>\n\t\t<\/h3>\n\t\t\t\t<div class=\"elementor-post__excerpt\">\n\t\t\t<p>Introducci\u00f3n a las empresas temporales y agencias de empleo En el mundo laboral, es com\u00fan escuchar los t\u00e9rminos &#8217;empresas temporales&#8217; y &#8216;agencias de empleo&#8217;. Aunque<\/p>\n\t\t<\/div>\n\t\t\n\t\t<a class=\"elementor-post__read-more\" href=\"https:\/\/www.serviciodeempleo.gov.co\/comunidad-spe\/2025\/04\/16\/diferencias-clave-entre-empresas-temporales-y-agencias-de-empleo\/\" aria-label=\"Read more about Diferencias clave entre empresas temporales y agencias de empleo\" tabindex=\"-1\" >\n\t\t\tleer el art\u00edculo completo \u00bb\t\t<\/a>\n\n\t\t\t\t<\/div>\n\t\t\t\t<div class=\"elementor-post__meta-data\">\n\t\t\t\t\t<span class=\"elementor-post-date\">\n\t\t\t16 abril, 2025\t\t<\/span>\n\t\t\t\t<span class=\"elementor-post-avatar\">\n\t\t\tNo hay comentarios\t\t<\/span>\n\t\t\t\t<\/div>\n\t\t\t\t\t<\/div>\n\t\t<\/article>\n\t\t\t\t<article class=\"elementor-post elementor-grid-item post-2308 post type-post status-publish format-standard has-post-thumbnail hentry category-recursos-humanos tag-compensation-boxes\" role=\"listitem\">\n\t\t\t<div class=\"elementor-post__card\">\n\t\t\t\t<a class=\"elementor-post__thumbnail__link\" href=\"https:\/\/www.serviciodeempleo.gov.co\/comunidad-spe\/2025\/04\/16\/el-rol-de-las-cajas-de-compensacion-en-la-empleabilidad-en-colombia\/\" tabindex=\"-1\" ><div class=\"elementor-post__thumbnail\"><img loading=\"lazy\" decoding=\"async\" width=\"300\" height=\"200\" src=\"https:\/\/www.serviciodeempleo.gov.co\/comunidad-spe\/wp-content\/uploads\/sites\/6\/2025\/04\/valentin-farkasch-gCTgP86MhNQ-unsplash-scaled-1-300x200.jpg\" class=\"attachment-medium size-medium wp-image-2528\" alt=\"\" srcset=\"https:\/\/www.serviciodeempleo.gov.co\/comunidad-spe\/wp-content\/uploads\/sites\/6\/2025\/04\/valentin-farkasch-gCTgP86MhNQ-unsplash-scaled-1-300x200.jpg 300w, https:\/\/www.serviciodeempleo.gov.co\/comunidad-spe\/wp-content\/uploads\/sites\/6\/2025\/04\/valentin-farkasch-gCTgP86MhNQ-unsplash-scaled-1-1024x683.jpg 1024w, https:\/\/www.serviciodeempleo.gov.co\/comunidad-spe\/wp-content\/uploads\/sites\/6\/2025\/04\/valentin-farkasch-gCTgP86MhNQ-unsplash-scaled-1-768x512.jpg 768w, https:\/\/www.serviciodeempleo.gov.co\/comunidad-spe\/wp-content\/uploads\/sites\/6\/2025\/04\/valentin-farkasch-gCTgP86MhNQ-unsplash-scaled-1-1536x1024.jpg 1536w, https:\/\/www.serviciodeempleo.gov.co\/comunidad-spe\/wp-content\/uploads\/sites\/6\/2025\/04\/valentin-farkasch-gCTgP86MhNQ-unsplash-scaled-1-762x508.jpg 762w, https:\/\/www.serviciodeempleo.gov.co\/comunidad-spe\/wp-content\/uploads\/sites\/6\/2025\/04\/valentin-farkasch-gCTgP86MhNQ-unsplash-scaled-1-450x300.jpg 450w, https:\/\/www.serviciodeempleo.gov.co\/comunidad-spe\/wp-content\/uploads\/sites\/6\/2025\/04\/valentin-farkasch-gCTgP86MhNQ-unsplash-scaled-1.jpg 1600w\" sizes=\"(min-width: 960px) 75vw, 100vw\" \/><\/div><\/a>\n\t\t\t\t<div class=\"elementor-post__badge\">Recursos Humanos<\/div>\n\t\t\t\t<div class=\"elementor-post__text\">\n\t\t\t\t<h3 class=\"elementor-post__title\">\n\t\t\t<a href=\"https:\/\/www.serviciodeempleo.gov.co\/comunidad-spe\/2025\/04\/16\/el-rol-de-las-cajas-de-compensacion-en-la-empleabilidad-en-colombia\/\" >\n\t\t\t\tEl rol de las cajas de compensaci\u00f3n en la empleabilidad en Colombia\t\t\t<\/a>\n\t\t<\/h3>\n\t\t\t\t<div class=\"elementor-post__excerpt\">\n\t\t\t<p>\u00bfQu\u00e9 son las cajas de compensaci\u00f3n? Las Cajas de Compensaci\u00f3n Familiar son entidades en Colombia que ofrecen servicios de bienestar social a los trabajadores y<\/p>\n\t\t<\/div>\n\t\t\n\t\t<a class=\"elementor-post__read-more\" href=\"https:\/\/www.serviciodeempleo.gov.co\/comunidad-spe\/2025\/04\/16\/el-rol-de-las-cajas-de-compensacion-en-la-empleabilidad-en-colombia\/\" aria-label=\"Read more about El rol de las cajas de compensaci\u00f3n en la empleabilidad en Colombia\" tabindex=\"-1\" >\n\t\t\tleer el art\u00edculo completo \u00bb\t\t<\/a>\n\n\t\t\t\t<\/div>\n\t\t\t\t<div class=\"elementor-post__meta-data\">\n\t\t\t\t\t<span class=\"elementor-post-date\">\n\t\t\t16 abril, 2025\t\t<\/span>\n\t\t\t\t<span class=\"elementor-post-avatar\">\n\t\t\tNo hay comentarios\t\t<\/span>\n\t\t\t\t<\/div>\n\t\t\t\t\t<\/div>\n\t\t<\/article>\n\t\t\t\t<\/div>\n\t\t\n\t\t\t\t\t\t<\/div>\n\t\t\t\t<\/div>\n\t\t\t\t\t<\/div>\n\t\t\t\t<\/div>\n\t\t\t\t<\/div>\n\t\t","protected":false},"excerpt":{"rendered":"<p>Blog<\/p>\n","protected":false},"author":1,"featured_media":0,"parent":0,"menu_order":0,"comment_status":"closed","ping_status":"closed","template":"elementor_header_footer","meta":{"_bbp_topic_count":0,"_bbp_reply_count":0,"_bbp_total_topic_count":0,"_bbp_total_reply_count":0,"_bbp_voice_count":0,"_bbp_anonymous_reply_count":0,"_bbp_topic_count_hidden":0,"_bbp_reply_count_hidden":0,"_bbp_forum_subforum_count":0,"footnotes":""},"class_list":["post-2467","page","type-page","status-publish","hentry"],"_links":{"self":[{"href":"https:\/\/www.serviciodeempleo.gov.co\/comunidad-spe\/wp-json\/wp\/v2\/pages\/2467","targetHints":{"allow":["GET"]}}],"collection":[{"href":"https:\/\/www.serviciodeempleo.gov.co\/comunidad-spe\/wp-json\/wp\/v2\/pages"}],"about":[{"href":"https:\/\/www.serviciodeempleo.gov.co\/comunidad-spe\/wp-json\/wp\/v2\/types\/page"}],"author":[{"embeddable":true,"href":"https:\/\/www.serviciodeempleo.gov.co\/comunidad-spe\/wp-json\/wp\/v2\/users\/1"}],"replies":[{"embeddable":true,"href":"https:\/\/www.serviciodeempleo.gov.co\/comunidad-spe\/wp-json\/wp\/v2\/comments?post=2467"}],"version-history":[{"count":0,"href":"https:\/\/www.serviciodeempleo.gov.co\/comunidad-spe\/wp-json\/wp\/v2\/pages\/2467\/revisions"}],"wp:attachment":[{"href":"https:\/\/www.serviciodeempleo.gov.co\/comunidad-spe\/wp-json\/wp\/v2\/media?parent=2467"}],"curies":[{"name":"wp","href":"https:\/\/api.w.org\/{rel}","templated":true}]}}