{"id":2548,"date":"2025-06-25T17:59:51","date_gmt":"2025-06-25T17:59:51","guid":{"rendered":"https:\/\/spe-comunidad.proyectoswp2025.com\/?page_id=2548"},"modified":"2025-06-25T17:59:51","modified_gmt":"2025-06-25T17:59:51","slug":"galerias","status":"publish","type":"page","link":"https:\/\/www.serviciodeempleo.gov.co\/comunidad-spe\/galerias\/","title":{"rendered":"Galer\u00edas"},"content":{"rendered":"\t\t<div data-elementor-type=\"wp-page\" data-elementor-id=\"2548\" class=\"elementor elementor-2548\" data-elementor-post-type=\"page\">\n\t\t\t\t<div class=\"elementor-element elementor-element-72e17ee e-con-full e-flex e-con e-parent\" data-id=\"72e17ee\" data-element_type=\"container\" data-settings=\"{&quot;background_background&quot;:&quot;classic&quot;}\">\n\t\t<div class=\"elementor-element elementor-element-449a2a6 e-con-full e-flex e-con e-child\" data-id=\"449a2a6\" data-element_type=\"container\">\n\t\t\t\t<div class=\"elementor-element elementor-element-926fa54 animated-slow elementor-invisible elementor-widget elementor-widget-heading\" data-id=\"926fa54\" data-element_type=\"widget\" data-settings=\"{&quot;_animation&quot;:&quot;fadeIn&quot;}\" data-widget_type=\"heading.default\">\n\t\t\t\t\t<h1 class=\"elementor-heading-title elementor-size-default\">Galer\u00edas<\/h1>\t\t\t\t<\/div>\n\t\t\t\t<div class=\"elementor-element elementor-element-346f2fc elementor-hidden-mobile elementor-widget elementor-widget-spacer\" data-id=\"346f2fc\" data-element_type=\"widget\" data-widget_type=\"spacer.default\">\n\t\t\t\t\t\t\t<div class=\"elementor-spacer\">\n\t\t\t<div class=\"elementor-spacer-inner\"><\/div>\n\t\t<\/div>\n\t\t\t\t\t\t<\/div>\n\t\t\t\t<\/div>\n\t\t\t\t<\/div>\n\t\t<div class=\"elementor-element elementor-element-047b97f e-flex e-con-boxed e-con e-parent\" data-id=\"047b97f\" data-element_type=\"container\">\n\t\t\t\t\t<div class=\"e-con-inner\">\n\t\t<div class=\"elementor-element elementor-element-09e2342 e-con-full e-flex e-con e-child\" data-id=\"09e2342\" data-element_type=\"container\">\n\t\t\t\t<div class=\"elementor-element elementor-element-11b7a78 elementor-cta--skin-classic elementor-animated-content elementor-bg-transform elementor-bg-transform-zoom-in elementor-widget elementor-widget-call-to-action\" data-id=\"11b7a78\" data-element_type=\"widget\" data-widget_type=\"call-to-action.default\">\n\t\t\t\t\t\t\t<div class=\"elementor-cta\">\n\t\t\t\t\t<div class=\"elementor-cta__bg-wrapper\">\n\t\t\t\t<div class=\"elementor-cta__bg elementor-bg\" style=\"background-image: url(https:\/\/www.serviciodeempleo.gov.co\/comunidad-spe\/wp-content\/uploads\/sites\/6\/2025\/06\/stem-list-EVgsAbL51Rk-unsplash-1-1024x576.jpg);\" role=\"img\" aria-label=\"stem-list-EVgsAbL51Rk-unsplash (1)\"><\/div>\n\t\t\t\t<div class=\"elementor-cta__bg-overlay\"><\/div>\n\t\t\t<\/div>\n\t\t\t\t\t\t\t<div class=\"elementor-cta__content\">\n\t\t\t\t\n\t\t\t\t\t\t\t\t\t<h2 class=\"elementor-cta__title elementor-cta__content-item elementor-content-item\">\n\t\t\t\t\t\tOrientaci\u00f3n en acci\u00f3n\t\t\t\t\t<\/h2>\n\t\t\t\t\n\t\t\t\t\t\t\t\t\t<div class=\"elementor-cta__description elementor-cta__content-item elementor-content-item\">\n\t\t\t\t\t\tIm\u00e1genes de eventos donde se brindan servicios de orientaci\u00f3n, acompa\u00f1amiento y fortalecimiento de competencias a buscadores de empleo en distintas regiones.\n\t\t\t\t\t<\/div>\n\t\t\t\t\n\t\t\t\t\t\t\t\t\t<div class=\"elementor-cta__button-wrapper elementor-cta__content-item elementor-content-item \">\n\t\t\t\t\t<a class=\"elementor-cta__button elementor-button elementor-size-\" href=\"https:\/\/spe-comunidad.proyectoswp2025.com\/es_co\/forums\/forum\/comunidad-spe\/\">\n\t\t\t\t\t\tVer galer\u00eda\t\t\t\t\t<\/a>\n\t\t\t\t\t<\/div>\n\t\t\t\t\t\t\t<\/div>\n\t\t\t\t\t\t<\/div>\n\t\t\t\t\t\t<\/div>\n\t\t\t\t<\/div>\n\t\t<div class=\"elementor-element elementor-element-a033055 e-con-full e-flex e-con e-child\" data-id=\"a033055\" data-element_type=\"container\">\n\t\t\t\t<div class=\"elementor-element elementor-element-688f898 elementor-cta--skin-classic elementor-animated-content elementor-bg-transform elementor-bg-transform-zoom-in elementor-widget elementor-widget-call-to-action\" data-id=\"688f898\" data-element_type=\"widget\" data-widget_type=\"call-to-action.default\">\n\t\t\t\t\t\t\t<div class=\"elementor-cta\">\n\t\t\t\t\t<div class=\"elementor-cta__bg-wrapper\">\n\t\t\t\t<div class=\"elementor-cta__bg elementor-bg\" style=\"background-image: url(https:\/\/www.serviciodeempleo.gov.co\/comunidad-spe\/wp-content\/uploads\/sites\/6\/2025\/06\/claudio-schwarz-_wDZkpybAfY-unsplash-1-1024x683.jpg);\" role=\"img\" aria-label=\"claudio-schwarz-_wDZkpybAfY-unsplash (1)\"><\/div>\n\t\t\t\t<div class=\"elementor-cta__bg-overlay\"><\/div>\n\t\t\t<\/div>\n\t\t\t\t\t\t\t<div class=\"elementor-cta__content\">\n\t\t\t\t\n\t\t\t\t\t\t\t\t\t<h2 class=\"elementor-cta__title elementor-cta__content-item elementor-content-item\">\n\t\t\t\t\t\tConectando oportunidades\t\t\t\t\t<\/h2>\n\t\t\t\t\n\t\t\t\t\t\t\t\t\t<div class=\"elementor-cta__description elementor-cta__content-item elementor-content-item\">\n\t\t\t\t\t\tGaler\u00edas de encuentros entre empleadores y ciudadanos en b\u00fasqueda de oportunidades laborales. \t\t\t\t\t<\/div>\n\t\t\t\t\n\t\t\t\t\t\t\t\t\t<div class=\"elementor-cta__button-wrapper elementor-cta__content-item elementor-content-item \">\n\t\t\t\t\t<a class=\"elementor-cta__button elementor-button elementor-size-\" href=\"https:\/\/spe-comunidad.proyectoswp2025.com\/es_co\/forums\/forum\/soporte-tecnico-y-herramientas-comunidad-spe\/\">\n\t\t\t\t\t\tVer galer\u00eda\t\t\t\t\t<\/a>\n\t\t\t\t\t<\/div>\n\t\t\t\t\t\t\t<\/div>\n\t\t\t\t\t\t<\/div>\n\t\t\t\t\t\t<\/div>\n\t\t\t\t<\/div>\n\t\t<div class=\"elementor-element elementor-element-09150b4 e-con-full e-flex e-con e-child\" data-id=\"09150b4\" data-element_type=\"container\">\n\t\t\t\t<div class=\"elementor-element elementor-element-69d7aef elementor-cta--skin-classic elementor-animated-content elementor-bg-transform elementor-bg-transform-zoom-in elementor-widget elementor-widget-call-to-action\" data-id=\"69d7aef\" data-element_type=\"widget\" data-widget_type=\"call-to-action.default\">\n\t\t\t\t\t\t\t<div class=\"elementor-cta\">\n\t\t\t\t\t<div class=\"elementor-cta__bg-wrapper\">\n\t\t\t\t<div class=\"elementor-cta__bg elementor-bg\" style=\"background-image: url(https:\/\/www.serviciodeempleo.gov.co\/comunidad-spe\/wp-content\/uploads\/sites\/6\/2025\/06\/the-climate-reality-project-Hb6uWq0i4MI-unsplash-1-1024x683.jpg);\" role=\"img\" aria-label=\"the-climate-reality-project-Hb6uWq0i4MI-unsplash (1)\"><\/div>\n\t\t\t\t<div class=\"elementor-cta__bg-overlay\"><\/div>\n\t\t\t<\/div>\n\t\t\t\t\t\t\t<div class=\"elementor-cta__content\">\n\t\t\t\t\n\t\t\t\t\t\t\t\t\t<h2 class=\"elementor-cta__title elementor-cta__content-item elementor-content-item\">\n\t\t\t\t\t\tFormarnos para avanzar\t\t\t\t\t<\/h2>\n\t\t\t\t\n\t\t\t\t\t\t\t\t\t<div class=\"elementor-cta__description elementor-cta__content-item elementor-content-item\">\n\t\t\t\t\t\tFotograf\u00edas de espacios de formaci\u00f3n dirigidos a orientadores, empresarios y usuarios. Incluye sesiones t\u00e9cnicas, talleres presenciales y virtuales.\t\t\t\t\t<\/div>\n\t\t\t\t\n\t\t\t\t\t\t\t\t\t<div class=\"elementor-cta__button-wrapper elementor-cta__content-item elementor-content-item \">\n\t\t\t\t\t<a class=\"elementor-cta__button elementor-button elementor-size-\" href=\"https:\/\/spe-comunidad.proyectoswp2025.com\/es_co\/forums\/forum\/reportes-seguimiento-y-sistema-de-informacion\/\">\n\t\t\t\t\t\tVer galer\u00eda\t\t\t\t\t<\/a>\n\t\t\t\t\t<\/div>\n\t\t\t\t\t\t\t<\/div>\n\t\t\t\t\t\t<\/div>\n\t\t\t\t\t\t<\/div>\n\t\t\t\t<\/div>\n\t\t\t\t\t<\/div>\n\t\t\t\t<\/div>\n\t\t<div class=\"elementor-element elementor-element-26d0158 e-flex e-con-boxed e-con e-parent\" data-id=\"26d0158\" data-element_type=\"container\">\n\t\t\t\t\t<div class=\"e-con-inner\">\n\t\t<div class=\"elementor-element elementor-element-bdf72f2 e-con-full e-flex e-con e-child\" data-id=\"bdf72f2\" data-element_type=\"container\">\n\t\t\t\t<div class=\"elementor-element elementor-element-21accc7 elementor-cta--skin-classic elementor-animated-content elementor-bg-transform elementor-bg-transform-zoom-in elementor-widget elementor-widget-call-to-action\" data-id=\"21accc7\" data-element_type=\"widget\" data-widget_type=\"call-to-action.default\">\n\t\t\t\t\t\t\t<div class=\"elementor-cta\">\n\t\t\t\t\t<div class=\"elementor-cta__bg-wrapper\">\n\t\t\t\t<div class=\"elementor-cta__bg elementor-bg\" style=\"background-image: url(https:\/\/www.serviciodeempleo.gov.co\/comunidad-spe\/wp-content\/uploads\/sites\/6\/2025\/06\/jonny-james-ioLq-zmtITA-unsplash-1-1024x682.jpg);\" role=\"img\" aria-label=\"jonny-james-ioLq-zmtITA-unsplash (1)\"><\/div>\n\t\t\t\t<div class=\"elementor-cta__bg-overlay\"><\/div>\n\t\t\t<\/div>\n\t\t\t\t\t\t\t<div class=\"elementor-cta__content\">\n\t\t\t\t\n\t\t\t\t\t\t\t\t\t<h2 class=\"elementor-cta__title elementor-cta__content-item elementor-content-item\">\n\t\t\t\t\t\tSPE en tu regi\u00f3n\t\t\t\t\t<\/h2>\n\t\t\t\t\n\t\t\t\t\t\t\t\t\t<div class=\"elementor-cta__description elementor-cta__content-item elementor-content-item\">\n\t\t\t\t\t\tRegistros visuales de la presencia del SPE en municipios, zonas rurales y encuentros con autoridades locales y regionales para fortalecer la empleabilidad.\t\t\t\t\t<\/div>\n\t\t\t\t\n\t\t\t\t\t\t\t\t\t<div class=\"elementor-cta__button-wrapper elementor-cta__content-item elementor-content-item \">\n\t\t\t\t\t<a class=\"elementor-cta__button elementor-button elementor-size-\" href=\"https:\/\/spe-comunidad.proyectoswp2025.com\/es_co\/forums\/forum\/gestion-de-usuarios-y-orientacion-laboral\/\">\n\t\t\t\t\t\tVer galer\u00eda\t\t\t\t\t<\/a>\n\t\t\t\t\t<\/div>\n\t\t\t\t\t\t\t<\/div>\n\t\t\t\t\t\t<\/div>\n\t\t\t\t\t\t<\/div>\n\t\t\t\t<\/div>\n\t\t<div class=\"elementor-element elementor-element-9d875b1 e-con-full e-flex e-con e-child\" data-id=\"9d875b1\" data-element_type=\"container\">\n\t\t\t\t<div class=\"elementor-element elementor-element-d2efeec elementor-cta--skin-classic elementor-animated-content elementor-bg-transform elementor-bg-transform-zoom-in elementor-widget elementor-widget-call-to-action\" data-id=\"d2efeec\" data-element_type=\"widget\" data-widget_type=\"call-to-action.default\">\n\t\t\t\t\t\t\t<div class=\"elementor-cta\">\n\t\t\t\t\t<div class=\"elementor-cta__bg-wrapper\">\n\t\t\t\t<div class=\"elementor-cta__bg elementor-bg\" style=\"background-image: url(https:\/\/www.serviciodeempleo.gov.co\/comunidad-spe\/wp-content\/uploads\/sites\/6\/2025\/06\/random-institute-GkacI-_mGlg-unsplash-1-1024x683.jpg);\" role=\"img\" aria-label=\"random-institute-GkacI-_mGlg-unsplash (1)\"><\/div>\n\t\t\t\t<div class=\"elementor-cta__bg-overlay\"><\/div>\n\t\t\t<\/div>\n\t\t\t\t\t\t\t<div class=\"elementor-cta__content\">\n\t\t\t\t\n\t\t\t\t\t\t\t\t\t<h2 class=\"elementor-cta__title elementor-cta__content-item elementor-content-item\">\n\t\t\t\t\t\tMomentos que nos unen\t\t\t\t\t<\/h2>\n\t\t\t\t\n\t\t\t\t\t\t\t\t\t<div class=\"elementor-cta__description elementor-cta__content-item elementor-content-item\">\n\t\t\t\t\t\tMomentos destacados de ceremonias, reconocimientos, lanzamientos, aniversarios o encuentros institucionales que fortalecen la cultura SPE.\t\t\t\t\t<\/div>\n\t\t\t\t\n\t\t\t\t\t\t\t\t\t<div class=\"elementor-cta__button-wrapper elementor-cta__content-item elementor-content-item \">\n\t\t\t\t\t<a class=\"elementor-cta__button elementor-button elementor-size-\" href=\"https:\/\/spe-comunidad.proyectoswp2025.com\/es_co\/forums\/forum\/gestion-de-usuarios-y-orientacion-laboral\/\">\n\t\t\t\t\t\tVer galer\u00eda\t\t\t\t\t<\/a>\n\t\t\t\t\t<\/div>\n\t\t\t\t\t\t\t<\/div>\n\t\t\t\t\t\t<\/div>\n\t\t\t\t\t\t<\/div>\n\t\t\t\t<\/div>\n\t\t<div class=\"elementor-element elementor-element-6b12c7f e-con-full e-flex e-con e-child\" data-id=\"6b12c7f\" data-element_type=\"container\">\n\t\t\t\t<div class=\"elementor-element elementor-element-2ef37b7 elementor-cta--skin-classic elementor-animated-content elementor-bg-transform elementor-bg-transform-zoom-in elementor-widget elementor-widget-call-to-action\" data-id=\"2ef37b7\" data-element_type=\"widget\" data-widget_type=\"call-to-action.default\">\n\t\t\t\t\t\t\t<div class=\"elementor-cta\">\n\t\t\t\t\t<div class=\"elementor-cta__bg-wrapper\">\n\t\t\t\t<div class=\"elementor-cta__bg elementor-bg\" style=\"background-image: url(https:\/\/www.serviciodeempleo.gov.co\/comunidad-spe\/wp-content\/uploads\/sites\/6\/2025\/06\/felipe-salgado-zeMwjCHtgg-unsplash-1.jpg);\" role=\"img\" aria-label=\"felipe-salgado--zeMwjCHtgg-unsplash (1)\"><\/div>\n\t\t\t\t<div class=\"elementor-cta__bg-overlay\"><\/div>\n\t\t\t<\/div>\n\t\t\t\t\t\t\t<div class=\"elementor-cta__content\">\n\t\t\t\t\n\t\t\t\t\t\t\t\t\t<h2 class=\"elementor-cta__title elementor-cta__content-item elementor-content-item\">\n\t\t\t\t\t\tHistorias que inspiran\t\t\t\t\t<\/h2>\n\t\t\t\t\n\t\t\t\t\t\t\t\t\t<div class=\"elementor-cta__description elementor-cta__content-item elementor-content-item\">\n\t\t\t\t\t\tFotograf\u00edas que reflejan testimonios reales de usuarios, empresas y orientadores que han transformado su trayectoria con el apoyo del SPE. Espacio humano y cercano de la comunidad.\t\t\t\t\t<\/div>\n\t\t\t\t\n\t\t\t\t\t\t\t\t\t<div class=\"elementor-cta__button-wrapper elementor-cta__content-item elementor-content-item \">\n\t\t\t\t\t<a class=\"elementor-cta__button elementor-button elementor-size-\" href=\"https:\/\/spe-comunidad.proyectoswp2025.com\/es_co\/forums\/forum\/gestion-de-usuarios-y-orientacion-laboral\/\">\n\t\t\t\t\t\tVer galer\u00eda\t\t\t\t\t<\/a>\n\t\t\t\t\t<\/div>\n\t\t\t\t\t\t\t<\/div>\n\t\t\t\t\t\t<\/div>\n\t\t\t\t\t\t<\/div>\n\t\t\t\t<\/div>\n\t\t\t\t\t<\/div>\n\t\t\t\t<\/div>\n\t\t\t\t<\/div>\n\t\t","protected":false},"excerpt":{"rendered":"<p>Galer\u00edas Orientaci\u00f3n en acci\u00f3n Im\u00e1genes de eventos donde se brindan servicios de orientaci\u00f3n, acompa\u00f1amiento y fortalecimiento de competencias a buscadores de empleo en distintas regiones. Ver galer\u00eda Conectando oportunidades Galer\u00edas de encuentros entre empleadores y ciudadanos en b\u00fasqueda de oportunidades laborales. Ver galer\u00eda Formarnos para avanzar Fotograf\u00edas de espacios de formaci\u00f3n dirigidos a orientadores, empresarios [&hellip;]<\/p>\n","protected":false},"author":1,"featured_media":0,"parent":0,"menu_order":0,"comment_status":"closed","ping_status":"closed","template":"elementor_header_footer","meta":{"_bbp_topic_count":0,"_bbp_reply_count":0,"_bbp_total_topic_count":0,"_bbp_total_reply_count":0,"_bbp_voice_count":0,"_bbp_anonymous_reply_count":0,"_bbp_topic_count_hidden":0,"_bbp_reply_count_hidden":0,"_bbp_forum_subforum_count":0,"footnotes":""},"class_list":["post-2548","page","type-page","status-publish","hentry"],"_links":{"self":[{"href":"https:\/\/www.serviciodeempleo.gov.co\/comunidad-spe\/wp-json\/wp\/v2\/pages\/2548","targetHints":{"allow":["GET"]}}],"collection":[{"href":"https:\/\/www.serviciodeempleo.gov.co\/comunidad-spe\/wp-json\/wp\/v2\/pages"}],"about":[{"href":"https:\/\/www.serviciodeempleo.gov.co\/comunidad-spe\/wp-json\/wp\/v2\/types\/page"}],"author":[{"embeddable":true,"href":"https:\/\/www.serviciodeempleo.gov.co\/comunidad-spe\/wp-json\/wp\/v2\/users\/1"}],"replies":[{"embeddable":true,"href":"https:\/\/www.serviciodeempleo.gov.co\/comunidad-spe\/wp-json\/wp\/v2\/comments?post=2548"}],"version-history":[{"count":0,"href":"https:\/\/www.serviciodeempleo.gov.co\/comunidad-spe\/wp-json\/wp\/v2\/pages\/2548\/revisions"}],"wp:attachment":[{"href":"https:\/\/www.serviciodeempleo.gov.co\/comunidad-spe\/wp-json\/wp\/v2\/media?parent=2548"}],"curies":[{"name":"wp","href":"https:\/\/api.w.org\/{rel}","templated":true}]}}